{"id":2317,"date":"2025-10-03T10:51:52","date_gmt":"2025-10-03T08:51:52","guid":{"rendered":"https:\/\/pierros.1.prospace.be\/?page_id=2317"},"modified":"2025-10-23T11:10:22","modified_gmt":"2025-10-23T09:10:22","slug":"zahlungsarten","status":"publish","type":"page","link":"https:\/\/pierros.de\/nl\/zahlungsarten\/","title":{"rendered":"Betaalmethodes"},"content":{"rendered":"<div data-elementor-type=\"wp-page\" data-elementor-id=\"2317\" class=\"elementor elementor-2317\" data-elementor-post-type=\"page\">\n\t\t\t\t<div class=\"elementor-element elementor-element-e196fe7 e-flex e-con-boxed e-con e-parent\" data-id=\"e196fe7\" data-element_type=\"container\">\n\t\t\t\t\t<div class=\"e-con-inner\">\n\t\t\t\t<div class=\"elementor-element elementor-element-1dc736a elementor-widget elementor-widget-text-editor\" data-id=\"1dc736a\" data-element_type=\"widget\" data-widget_type=\"text-editor.default\">\n\t\t\t\t<div class=\"elementor-widget-container\">\n\t\t\t\t\t\t\t\t\t<h2>Betaalmethodes<\/h2>\t\t\t\t\t\t\t\t<\/div>\n\t\t\t\t<\/div>\n\t\t\t\t<div class=\"elementor-element elementor-element-22120a9 elementor-widget elementor-widget-text-editor\" data-id=\"22120a9\" data-element_type=\"widget\" data-widget_type=\"text-editor.default\">\n\t\t\t\t<div class=\"elementor-widget-container\">\n\t\t\t\t\t\t\t\t\t<hr \/>\t\t\t\t\t\t\t\t<\/div>\n\t\t\t\t<\/div>\n\t\t\t\t<div class=\"elementor-element elementor-element-6a10160 elementor-widget elementor-widget-text-editor\" data-id=\"6a10160\" data-element_type=\"widget\" data-widget_type=\"text-editor.default\">\n\t\t\t\t<div class=\"elementor-widget-container\">\n\t\t\t\t\t<style>.elementor-element-6a10160{display:none !important}<\/style>\t\t\t\t<\/div>\n\t\t\t\t<\/div>\n\t\t\t\t<div class=\"elementor-element elementor-element-51b57d7 elementor-widget elementor-widget-text-editor\" data-id=\"51b57d7\" data-element_type=\"widget\" data-widget_type=\"text-editor.default\">\n\t\t\t\t<div class=\"elementor-widget-container\">\n\t\t\t\t\t\t\t\t\t<h4>Paypal<\/h4><p><strong>Rechnungskauf \u00fcber Paypal<\/strong><br \/>Zahlen Sie erst nach 30 Tagen: Mit dieser Option k\u00f6nnen Sie Ihre Bestellung sofort aufgeben und m\u00fcssen erst bezahlen, wenn Sie Ihre Ware erhalten haben.<br \/>Dies gilt nur f\u00fcr Kunden in Deutschland.<br \/><br \/><strong>SEPA-Lastschrift \u00fcber Paypal<\/strong><br \/>Wir bieten die M\u00f6glichkeit, per Lastschrift \u00fcber Paypal zu bezahlen, auch ohne ein eigenes Paypal-Konto.<br \/><br \/><strong>Kreditkarte \u00fcber Paypal<\/strong><br \/>Sie k\u00f6nnen mit Ihrer VISA oder MasterCard \u00fcber Paypal bezahlen, auch ohne ein eigenes Paypal-Konto.<\/p>\t\t\t\t\t\t\t\t<\/div>\n\t\t\t\t<\/div>\n\t\t\t\t<div class=\"elementor-element elementor-element-80d4de0 elementor-widget elementor-widget-text-editor\" data-id=\"80d4de0\" data-element_type=\"widget\" data-widget_type=\"text-editor.default\">\n\t\t\t\t<div class=\"elementor-widget-container\">\n\t\t\t\t\t\t\t\t\t<h4>Apple Pay<\/h4><p>Mit Apple Pay zahlst du blitzschnell und sicher. Einfach kurz auf deinem iPhone, iPad oder deiner Apple Watch tippen und fertig, ganz ohne umst\u00e4ndliche Kartendaten.<br \/>Deine Daten bleiben gesch\u00fctzt, denn Apple Pay gibt keine echten Kartennummern weiter. So macht Einkaufen Spa\u00df: einfach und sicher!<\/p>\t\t\t\t\t\t\t\t<\/div>\n\t\t\t\t<\/div>\n\t\t\t\t<div class=\"elementor-element elementor-element-fce3ebb elementor-widget elementor-widget-text-editor\" data-id=\"fce3ebb\" data-element_type=\"widget\" data-widget_type=\"text-editor.default\">\n\t\t\t\t<div class=\"elementor-widget-container\">\n\t\t\t\t\t\t\t\t\t<h4>Google Pay<\/h4><p>Mit Google Pay bezahlen Sie im Handumdrehen: schnell, einfach und sicher. Mit Ihrem Android-Ger\u00e4t schlie\u00dfen Sie Ihren Einkauf mit nur wenigen Klicks ab ganz ohne jedes Mal Kartendaten eingeben zu m\u00fcssen. Dank modernster Sicherheitstechnologien bleiben Ihre Daten gesch\u00fctzt. So wird Bezahlen einfach und zuverl\u00e4ssig!<\/p>\t\t\t\t\t\t\t\t<\/div>\n\t\t\t\t<\/div>\n\t\t\t\t<div class=\"elementor-element elementor-element-292ba05 elementor-widget elementor-widget-text-editor\" data-id=\"292ba05\" data-element_type=\"widget\" data-widget_type=\"text-editor.default\">\n\t\t\t\t<div class=\"elementor-widget-container\">\n\t\t\t\t\t\t\t\t\t<h4>iDeal<\/h4><p data-pm-slice=\"1 1 []\">Mit iDEAL bezahlen Sie einfach und sicher \u00fcber Ihre niederl\u00e4ndische Bank. Der Betrag wird sofort \u00fcberwiesen, sodass Ihre Bestellung umgehend bearbeitet werden kann. Diese Zahlungsmethode ist speziell f\u00fcr Kunden aus den Niederlanden mit einem niederl\u00e4ndischen Bankkonto .. schnell, zuverl\u00e4ssig und ganz ohne zus\u00e4tzliche Registrierung!<\/p>\t\t\t\t\t\t\t\t<\/div>\n\t\t\t\t<\/div>\n\t\t\t\t<div class=\"elementor-element elementor-element-76ddb8c elementor-widget elementor-widget-text-editor\" data-id=\"76ddb8c\" data-element_type=\"widget\" data-widget_type=\"text-editor.default\">\n\t\t\t\t<div class=\"elementor-widget-container\">\n\t\t\t\t\t\t\t\t\t<h4>Bancontact<\/h4><p data-pm-slice=\"1 1 []\">Mit Bancontact bezahlen Sie ganz einfach \u00fcber Ihre belgische Bank. Ihre Zahlung wird sofort verarbeitet, sodass Ihre Bestellung schnell bearbeitet werden kann. Diese Methode ist ausschlie\u00dflich f\u00fcr Kunden in Belgien mit einem belgischen Bankkonto verf\u00fcgbar .. sicher, unkompliziert und ohne Aufwand!<\/p>\t\t\t\t\t\t\t\t<\/div>\n\t\t\t\t<\/div>\n\t\t\t\t\t<\/div>\n\t\t\t\t<\/div>\n\t\t<div class=\"elementor-element elementor-element-72e86c9 e-flex e-con-boxed e-con e-parent\" data-id=\"72e86c9\" data-element_type=\"container\">\n\t\t\t\t\t<div class=\"e-con-inner\">\n\t\t\t\t<div class=\"elementor-element elementor-element-207429b elementor-widget elementor-widget-spacer\" data-id=\"207429b\" data-element_type=\"widget\" data-widget_type=\"spacer.default\">\n\t\t\t\t<div class=\"elementor-widget-container\">\n\t\t\t\t\t\t\t<div class=\"elementor-spacer\">\n\t\t\t<div class=\"elementor-spacer-inner\"><\/div>\n\t\t<\/div>\n\t\t\t\t\t\t<\/div>\n\t\t\t\t<\/div>\n\t\t\t\t\t<\/div>\n\t\t\t\t<\/div>\n\t\t\t\t<\/div>","protected":false},"excerpt":{"rendered":"<p>Zahlungsarten Bei uns kannst du sicher und einfach einkaufen. Wir bieten verschiedene Zahlungsmethoden an, damit du immer die f\u00fcr dich passende ausw\u00e4hlen kannst. Paypal Rechnungskauf \u00fcber PaypalZahlen Sie erst nach 30 Tagen: Mit dieser Option k\u00f6nnen Sie Ihre Bestellung sofort aufgeben und m\u00fcssen erst bezahlen, wenn Sie Ihre Ware erhalten haben.Dies gilt nur f\u00fcr Kunden [&hellip;]<\/p>","protected":false},"author":11,"featured_media":0,"parent":0,"menu_order":0,"comment_status":"closed","ping_status":"closed","template":"","meta":{"footnotes":""},"class_list":["post-2317","page","type-page","status-publish","hentry"],"_links":{"self":[{"href":"https:\/\/pierros.de\/nl\/wp-json\/wp\/v2\/pages\/2317","targetHints":{"allow":["GET"]}}],"collection":[{"href":"https:\/\/pierros.de\/nl\/wp-json\/wp\/v2\/pages"}],"about":[{"href":"https:\/\/pierros.de\/nl\/wp-json\/wp\/v2\/types\/page"}],"author":[{"embeddable":true,"href":"https:\/\/pierros.de\/nl\/wp-json\/wp\/v2\/users\/11"}],"replies":[{"embeddable":true,"href":"https:\/\/pierros.de\/nl\/wp-json\/wp\/v2\/comments?post=2317"}],"version-history":[{"count":39,"href":"https:\/\/pierros.de\/nl\/wp-json\/wp\/v2\/pages\/2317\/revisions"}],"predecessor-version":[{"id":2481,"href":"https:\/\/pierros.de\/nl\/wp-json\/wp\/v2\/pages\/2317\/revisions\/2481"}],"wp:attachment":[{"href":"https:\/\/pierros.de\/nl\/wp-json\/wp\/v2\/media?parent=2317"}],"curies":[{"name":"wp","href":"https:\/\/api.w.org\/{rel}","templated":true}]}}